{"id":2,"date":"2020-06-03T09:36:58","date_gmt":"2020-06-03T07:36:58","guid":{"rendered":"https:\/\/www.ist.sk\/?page_id=2"},"modified":"2021-09-21T16:09:57","modified_gmt":"2021-09-21T14:09:57","slug":"ukazka-strany","status":"publish","type":"page","link":"https:\/\/www.ist.sk\/","title":{"rendered":"Vitajte"},"content":{"rendered":"\n<div style=\"max-width:698px\" class=\"wp-block-gutenberg-blocks-max-width-container\">\n<figure class=\"wp-block-pullquote is-style-default\"><blockquote><p>Nemo\u017en\u00e9 je len jednou z mo\u017enost\u00ed.<\/p><cite>nezn\u00e1my autor <\/cite><\/blockquote><\/figure>\n\n\n\n<div class=\"wp-block-group\"><div class=\"wp-block-group__inner-container is-layout-flow wp-block-group-is-layout-flow\">\n<div class=\"wp-block-columns is-layout-flex wp-container-core-columns-is-layout-9d6595d7 wp-block-columns-is-layout-flex\">\n<div class=\"wp-block-column is-layout-flow wp-block-column-is-layout-flow\">\n<div style=\"max-width:698px\" class=\"wp-block-gutenberg-blocks-max-width-container\">\n<div class=\"wp-block-group\"><div class=\"wp-block-group__inner-container is-layout-flow wp-block-group-is-layout-flow\">\n<div class=\"wp-block-columns is-layout-flex wp-container-core-columns-is-layout-9d6595d7 wp-block-columns-is-layout-flex\">\n<div class=\"wp-block-column has-background is-layout-flow wp-block-column-is-layout-flow\" style=\"background-color:#e1e1e1;flex-basis:100%\"><div class=\"aligncenter is-style-default wp-block-site-logo\"><img loading=\"lazy\" decoding=\"async\" width=\"459\" height=\"90\" src=\"https:\/\/www.ist.sk\/wp-content\/uploads\/2020\/06\/maxima-logo-3-bg-1024-v2.png\" class=\"custom-logo\" alt=\"MAXIMA DATA s.r.o.\" srcset=\"https:\/\/www.ist.sk\/wp-content\/uploads\/2020\/06\/maxima-logo-3-bg-1024-v2.png 682w, https:\/\/www.ist.sk\/wp-content\/uploads\/2020\/06\/maxima-logo-3-bg-1024-v2-300x59.png 300w, https:\/\/www.ist.sk\/wp-content\/uploads\/2020\/06\/maxima-logo-3-bg-1024-v2-400x79.png 400w, https:\/\/www.ist.sk\/wp-content\/uploads\/2020\/06\/maxima-logo-3-bg-1024-v2-430x84.png 430w, https:\/\/www.ist.sk\/wp-content\/uploads\/2020\/06\/maxima-logo-3-bg-1024-v2-150x29.png 150w, https:\/\/www.ist.sk\/wp-content\/uploads\/2020\/06\/maxima-logo-3-bg-1024-v2-100x20.png 100w\" sizes=\"auto, (max-width: 459px) 100vw, 459px\" \/><\/div><\/div>\n<\/div>\n<\/div><\/div>\n\n\n\n<p>MAXIMA DATA, s r.o. od roku 2008 poskytuje svojim klientom dlhodob\u00e9ho a stabiln\u00e9ho partnera ako vo sf\u00e9re IT slu\u017eieb, tak vo svete \u00fa\u010dtovn\u00edctva.<\/p>\n\n\n\n<div class=\"wp-block-columns alignfull has-text-color has-background is-layout-flex wp-container-core-columns-is-layout-9d6595d7 wp-block-columns-is-layout-flex\" style=\"background-color:#ffffff;color:#000000\">\n<div class=\"wp-block-column is-layout-flow wp-block-column-is-layout-flow\">\n<h3 class=\"wp-block-heading\" style=\"font-size:24px;line-height:1.3\"><strong>IT slu\u017eby<\/strong><\/h3>\n\n\n\n<p>Tvorba a starostlivos\u0165 o webov\u00e9 str\u00e1nky, tvorba eshopov a automatiz\u00e1cia spracovania.<\/p>\n\n\n\n<p>Email marketing, optimaliz\u00e1cie pre vyh\u013ead\u00e1va\u010de.<\/p>\n<\/div>\n\n\n\n<div class=\"wp-block-column is-layout-flow wp-block-column-is-layout-flow\">\n<h3 class=\"wp-block-heading\" style=\"font-size:24px;line-height:1.3\"><strong>Vedenie \u00fa\u010dtovn\u00edctva<\/strong><\/h3>\n\n\n\n<p>Vedenie jednoduch\u00e9ho a podvojn\u00e9ho \u00fa\u010dtovn\u00edctva, spracovanie miezd, skladov\u00e9 hospod\u00e1rstvo.<\/p>\n<\/div>\n<\/div>\n\n\n\n<p><\/p>\n<\/div>\n<\/div>\n<\/div>\n<\/div><\/div>\n\n\n\n<div class=\"wp-block-media-text alignwide is-stacked-on-mobile\" style=\"grid-template-columns:23% auto\"><figure class=\"wp-block-media-text__media\"><img loading=\"lazy\" decoding=\"async\" width=\"400\" height=\"711\" src=\"https:\/\/www.ist.sk\/wp-content\/uploads\/2020\/06\/weby.jpg\" alt=\"\" class=\"wp-image-25 size-full\" srcset=\"https:\/\/www.ist.sk\/wp-content\/uploads\/2020\/06\/weby.jpg 400w, https:\/\/www.ist.sk\/wp-content\/uploads\/2020\/06\/weby-169x300.jpg 169w, https:\/\/www.ist.sk\/wp-content\/uploads\/2020\/06\/weby-150x267.jpg 150w, https:\/\/www.ist.sk\/wp-content\/uploads\/2020\/06\/weby-100x178.jpg 100w\" sizes=\"auto, (max-width: 400px) 100vw, 400px\" \/><\/figure><div class=\"wp-block-media-text__content\">\n<p class=\"has-large-font-size\">Tvorba webstr\u00e1nok<\/p>\n\n\n\n<p>Tvorba webov\u00fdch str\u00e1nok optimalizovan\u00fdch pre modern\u00e9 zariadenia. Po\u010d\u00edta\u010de, tablety, \u010di smartphony &#8211; jasn\u00e9 a preh\u013eadn\u00e9 str\u00e1nky na v\u0161etk\u00fdch zariadeniach.<\/p>\n<\/div><\/div>\n\n\n\n<div class=\"wp-block-media-text alignwide has-media-on-the-right is-stacked-on-mobile\" style=\"grid-template-columns:auto 30%\"><figure class=\"wp-block-media-text__media\"><img loading=\"lazy\" decoding=\"async\" width=\"667\" height=\"843\" src=\"https:\/\/www.ist.sk\/wp-content\/uploads\/2020\/06\/email.jpg\" alt=\"\" class=\"wp-image-31 size-full\" srcset=\"https:\/\/www.ist.sk\/wp-content\/uploads\/2020\/06\/email.jpg 667w, https:\/\/www.ist.sk\/wp-content\/uploads\/2020\/06\/email-237x300.jpg 237w, https:\/\/www.ist.sk\/wp-content\/uploads\/2020\/06\/email-400x506.jpg 400w, https:\/\/www.ist.sk\/wp-content\/uploads\/2020\/06\/email-430x543.jpg 430w, https:\/\/www.ist.sk\/wp-content\/uploads\/2020\/06\/email-150x190.jpg 150w, https:\/\/www.ist.sk\/wp-content\/uploads\/2020\/06\/email-100x126.jpg 100w\" sizes=\"auto, (max-width: 667px) 100vw, 667px\" \/><\/figure><div class=\"wp-block-media-text__content\">\n<p class=\"has-large-font-size\">Email marketing<\/p>\n\n\n\n<p>Nie len Facebookom je \u010dlovek \u017eiv\u00fd. Okrem soci\u00e1lnych siet\u00ed s\u00fa d\u00f4le\u017eitou \u010das\u0165ou V\u00e1\u0161ho marketingu emailov\u00e9 kampane.<\/p>\n<\/div><\/div>\n\n\n\n<div class=\"wp-block-media-text alignwide is-stacked-on-mobile\" style=\"grid-template-columns:27% auto\"><figure class=\"wp-block-media-text__media\"><img loading=\"lazy\" decoding=\"async\" width=\"292\" height=\"333\" src=\"https:\/\/www.ist.sk\/wp-content\/uploads\/2020\/06\/seo.jpg\" alt=\"\" class=\"wp-image-37 size-full\" srcset=\"https:\/\/www.ist.sk\/wp-content\/uploads\/2020\/06\/seo.jpg 292w, https:\/\/www.ist.sk\/wp-content\/uploads\/2020\/06\/seo-263x300.jpg 263w, https:\/\/www.ist.sk\/wp-content\/uploads\/2020\/06\/seo-150x171.jpg 150w, https:\/\/www.ist.sk\/wp-content\/uploads\/2020\/06\/seo-100x114.jpg 100w\" sizes=\"auto, (max-width: 292px) 100vw, 292px\" \/><\/figure><div class=\"wp-block-media-text__content\">\n<p class=\"has-large-font-size\">SEO<\/p>\n\n\n\n<p>Optimaliz\u00e1cia str\u00e1nok pre vyh\u013ead\u00e1va\u010de pod\u013ea presne cielen\u00fdch potrieb V\u00e1\u0161ho podnikania.<\/p>\n<\/div><\/div>\n\n\n\n<p><\/p>\n<\/div>\n","protected":false},"excerpt":{"rendered":"","protected":false},"author":1,"featured_media":0,"parent":0,"menu_order":0,"comment_status":"closed","ping_status":"open","template":"page_front-page.php","meta":{"_monsterinsights_skip_tracking":false,"_monsterinsights_sitenote_active":false,"_monsterinsights_sitenote_note":"","_monsterinsights_sitenote_category":0,"footnotes":""},"class_list":["post-2","page","type-page","status-publish","hentry"],"yoast_head":"<!-- This site is optimized with the Yoast SEO plugin v27.5 - https:\/\/yoast.com\/product\/yoast-seo-wordpress\/ -->\n<title>Vitajte - MAXIMA DATA s.r.o.<\/title>\n<meta name=\"robots\" content=\"index, follow, max-snippet:-1, max-image-preview:large, max-video-preview:-1\" \/>\n<link rel=\"canonical\" href=\"https:\/\/www.ist.sk\/\" \/>\n<meta property=\"og:locale\" content=\"sk_SK\" \/>\n<meta property=\"og:type\" content=\"article\" \/>\n<meta property=\"og:title\" content=\"Vitajte - MAXIMA DATA s.r.o.\" \/>\n<meta property=\"og:url\" content=\"https:\/\/www.ist.sk\/\" \/>\n<meta property=\"og:site_name\" content=\"MAXIMA DATA s.r.o.\" \/>\n<meta property=\"article:modified_time\" content=\"2021-09-21T14:09:57+00:00\" \/>\n<meta property=\"og:image\" content=\"https:\/\/www.ist.sk\/wp-content\/uploads\/2020\/06\/weby.jpg\" \/>\n<meta name=\"twitter:card\" content=\"summary_large_image\" \/>\n<meta name=\"twitter:label1\" content=\"Predpokladan\u00fd \u010das \u010d\u00edtania\" \/>\n\t<meta name=\"twitter:data1\" content=\"2 min\u00faty\" \/>\n<script type=\"application\/ld+json\" class=\"yoast-schema-graph\">{\"@context\":\"https:\\\/\\\/schema.org\",\"@graph\":[{\"@type\":\"WebPage\",\"@id\":\"https:\\\/\\\/www.ist.sk\\\/\",\"url\":\"https:\\\/\\\/www.ist.sk\\\/\",\"name\":\"Vitajte - MAXIMA DATA s.r.o.\",\"isPartOf\":{\"@id\":\"https:\\\/\\\/www.ist.sk\\\/#website\"},\"primaryImageOfPage\":{\"@id\":\"https:\\\/\\\/www.ist.sk\\\/#primaryimage\"},\"image\":{\"@id\":\"https:\\\/\\\/www.ist.sk\\\/#primaryimage\"},\"thumbnailUrl\":\"https:\\\/\\\/www.ist.sk\\\/wp-content\\\/uploads\\\/2020\\\/06\\\/weby.jpg\",\"datePublished\":\"2020-06-03T07:36:58+00:00\",\"dateModified\":\"2021-09-21T14:09:57+00:00\",\"breadcrumb\":{\"@id\":\"https:\\\/\\\/www.ist.sk\\\/#breadcrumb\"},\"inLanguage\":\"sk-SK\",\"potentialAction\":[{\"@type\":\"ReadAction\",\"target\":[\"https:\\\/\\\/www.ist.sk\\\/\"]}]},{\"@type\":\"ImageObject\",\"inLanguage\":\"sk-SK\",\"@id\":\"https:\\\/\\\/www.ist.sk\\\/#primaryimage\",\"url\":\"https:\\\/\\\/www.ist.sk\\\/wp-content\\\/uploads\\\/2020\\\/06\\\/weby.jpg\",\"contentUrl\":\"https:\\\/\\\/www.ist.sk\\\/wp-content\\\/uploads\\\/2020\\\/06\\\/weby.jpg\",\"width\":400,\"height\":711},{\"@type\":\"BreadcrumbList\",\"@id\":\"https:\\\/\\\/www.ist.sk\\\/#breadcrumb\",\"itemListElement\":[{\"@type\":\"ListItem\",\"position\":1,\"name\":\"Home\",\"item\":\"https:\\\/\\\/www.ist.sk\\\/\"},{\"@type\":\"ListItem\",\"position\":2,\"name\":\"Vitajte\"}]},{\"@type\":\"WebSite\",\"@id\":\"https:\\\/\\\/www.ist.sk\\\/#website\",\"url\":\"https:\\\/\\\/www.ist.sk\\\/\",\"name\":\"MAXIMA DATA s.r.o.\",\"description\":\"\",\"publisher\":{\"@id\":\"https:\\\/\\\/www.ist.sk\\\/#organization\"},\"potentialAction\":[{\"@type\":\"SearchAction\",\"target\":{\"@type\":\"EntryPoint\",\"urlTemplate\":\"https:\\\/\\\/www.ist.sk\\\/?s={search_term_string}\"},\"query-input\":{\"@type\":\"PropertyValueSpecification\",\"valueRequired\":true,\"valueName\":\"search_term_string\"}}],\"inLanguage\":\"sk-SK\"},{\"@type\":\"Organization\",\"@id\":\"https:\\\/\\\/www.ist.sk\\\/#organization\",\"name\":\"MAXIMA DATA s.r.o.\",\"url\":\"https:\\\/\\\/www.ist.sk\\\/\",\"logo\":{\"@type\":\"ImageObject\",\"inLanguage\":\"sk-SK\",\"@id\":\"https:\\\/\\\/www.ist.sk\\\/#\\\/schema\\\/logo\\\/image\\\/\",\"url\":\"https:\\\/\\\/www.ist.sk\\\/wp-content\\\/uploads\\\/2020\\\/06\\\/maxima-logo-3-bg-1024-v2.png\",\"contentUrl\":\"https:\\\/\\\/www.ist.sk\\\/wp-content\\\/uploads\\\/2020\\\/06\\\/maxima-logo-3-bg-1024-v2.png\",\"width\":682,\"height\":134,\"caption\":\"MAXIMA DATA s.r.o.\"},\"image\":{\"@id\":\"https:\\\/\\\/www.ist.sk\\\/#\\\/schema\\\/logo\\\/image\\\/\"}}]}<\/script>\n<!-- \/ Yoast SEO plugin. -->","yoast_head_json":{"title":"Vitajte - MAXIMA DATA s.r.o.","robots":{"index":"index","follow":"follow","max-snippet":"max-snippet:-1","max-image-preview":"max-image-preview:large","max-video-preview":"max-video-preview:-1"},"canonical":"https:\/\/www.ist.sk\/","og_locale":"sk_SK","og_type":"article","og_title":"Vitajte - MAXIMA DATA s.r.o.","og_url":"https:\/\/www.ist.sk\/","og_site_name":"MAXIMA DATA s.r.o.","article_modified_time":"2021-09-21T14:09:57+00:00","og_image":[{"url":"https:\/\/www.ist.sk\/wp-content\/uploads\/2020\/06\/weby.jpg","type":"","width":"","height":""}],"twitter_card":"summary_large_image","twitter_misc":{"Predpokladan\u00fd \u010das \u010d\u00edtania":"2 min\u00faty"},"schema":{"@context":"https:\/\/schema.org","@graph":[{"@type":"WebPage","@id":"https:\/\/www.ist.sk\/","url":"https:\/\/www.ist.sk\/","name":"Vitajte - MAXIMA DATA s.r.o.","isPartOf":{"@id":"https:\/\/www.ist.sk\/#website"},"primaryImageOfPage":{"@id":"https:\/\/www.ist.sk\/#primaryimage"},"image":{"@id":"https:\/\/www.ist.sk\/#primaryimage"},"thumbnailUrl":"https:\/\/www.ist.sk\/wp-content\/uploads\/2020\/06\/weby.jpg","datePublished":"2020-06-03T07:36:58+00:00","dateModified":"2021-09-21T14:09:57+00:00","breadcrumb":{"@id":"https:\/\/www.ist.sk\/#breadcrumb"},"inLanguage":"sk-SK","potentialAction":[{"@type":"ReadAction","target":["https:\/\/www.ist.sk\/"]}]},{"@type":"ImageObject","inLanguage":"sk-SK","@id":"https:\/\/www.ist.sk\/#primaryimage","url":"https:\/\/www.ist.sk\/wp-content\/uploads\/2020\/06\/weby.jpg","contentUrl":"https:\/\/www.ist.sk\/wp-content\/uploads\/2020\/06\/weby.jpg","width":400,"height":711},{"@type":"BreadcrumbList","@id":"https:\/\/www.ist.sk\/#breadcrumb","itemListElement":[{"@type":"ListItem","position":1,"name":"Home","item":"https:\/\/www.ist.sk\/"},{"@type":"ListItem","position":2,"name":"Vitajte"}]},{"@type":"WebSite","@id":"https:\/\/www.ist.sk\/#website","url":"https:\/\/www.ist.sk\/","name":"MAXIMA DATA s.r.o.","description":"","publisher":{"@id":"https:\/\/www.ist.sk\/#organization"},"potentialAction":[{"@type":"SearchAction","target":{"@type":"EntryPoint","urlTemplate":"https:\/\/www.ist.sk\/?s={search_term_string}"},"query-input":{"@type":"PropertyValueSpecification","valueRequired":true,"valueName":"search_term_string"}}],"inLanguage":"sk-SK"},{"@type":"Organization","@id":"https:\/\/www.ist.sk\/#organization","name":"MAXIMA DATA s.r.o.","url":"https:\/\/www.ist.sk\/","logo":{"@type":"ImageObject","inLanguage":"sk-SK","@id":"https:\/\/www.ist.sk\/#\/schema\/logo\/image\/","url":"https:\/\/www.ist.sk\/wp-content\/uploads\/2020\/06\/maxima-logo-3-bg-1024-v2.png","contentUrl":"https:\/\/www.ist.sk\/wp-content\/uploads\/2020\/06\/maxima-logo-3-bg-1024-v2.png","width":682,"height":134,"caption":"MAXIMA DATA s.r.o."},"image":{"@id":"https:\/\/www.ist.sk\/#\/schema\/logo\/image\/"}}]}},"_links":{"self":[{"href":"https:\/\/www.ist.sk\/index.php?rest_route=\/wp\/v2\/pages\/2","targetHints":{"allow":["GET"]}}],"collection":[{"href":"https:\/\/www.ist.sk\/index.php?rest_route=\/wp\/v2\/pages"}],"about":[{"href":"https:\/\/www.ist.sk\/index.php?rest_route=\/wp\/v2\/types\/page"}],"author":[{"embeddable":true,"href":"https:\/\/www.ist.sk\/index.php?rest_route=\/wp\/v2\/users\/1"}],"replies":[{"embeddable":true,"href":"https:\/\/www.ist.sk\/index.php?rest_route=%2Fwp%2Fv2%2Fcomments&post=2"}],"version-history":[{"count":5,"href":"https:\/\/www.ist.sk\/index.php?rest_route=\/wp\/v2\/pages\/2\/revisions"}],"predecessor-version":[{"id":105,"href":"https:\/\/www.ist.sk\/index.php?rest_route=\/wp\/v2\/pages\/2\/revisions\/105"}],"wp:attachment":[{"href":"https:\/\/www.ist.sk\/index.php?rest_route=%2Fwp%2Fv2%2Fmedia&parent=2"}],"curies":[{"name":"wp","href":"https:\/\/api.w.org\/{rel}","templated":true}]}}